{"id":17302,"date":"2021-11-24T12:50:20","date_gmt":"2021-11-24T12:50:20","guid":{"rendered":"https:\/\/danielalonginotti.com\/privacy-policy\/"},"modified":"2021-11-24T12:57:29","modified_gmt":"2021-11-24T12:57:29","slug":"informativa-sulla-privacy","status":"publish","type":"page","link":"https:\/\/danielalonginotti.com\/it\/informativa-sulla-privacy\/","title":{"rendered":"Informativa sulla privacy"},"content":{"rendered":"\t\t<div data-elementor-type=\"wp-page\" data-elementor-id=\"17302\" class=\"elementor elementor-17302 elementor-17286\" data-elementor-post-type=\"page\">\n\t\t\t\t\t\t<div class=\"elementor-section elementor-top-section elementor-element elementor-element-bc0b1d7 elementor-section-height-min-height elementor-section-stretched elementor-section-boxed elementor-section-height-default elementor-section-items-middle\" data-id=\"bc0b1d7\" data-element_type=\"section\" data-e-type=\"section\" data-settings=\"{&quot;stretch_section&quot;:&quot;section-stretched&quot;,&quot;background_background&quot;:&quot;classic&quot;}\">\n\t\t\t\t\t\t\t<div class=\"elementor-background-overlay\"><\/div>\n\t\t\t\t\t\t\t<div class=\"elementor-container elementor-column-gap-no\">\n\t\t\t\t\t<div class=\"elementor-column elementor-col-100 elementor-top-column elementor-element elementor-element-3088fe2\" data-id=\"3088fe2\" data-element_type=\"column\" data-e-type=\"column\">\n\t\t\t<div class=\"elementor-widget-wrap elementor-element-populated\">\n\t\t\t\t\t\t<div class=\"elementor-element elementor-element-341d814 elementor-widget elementor-widget-heading\" data-id=\"341d814\" data-element_type=\"widget\" data-e-type=\"widget\" data-widget_type=\"heading.default\">\n\t\t\t\t<div class=\"elementor-widget-container\">\n\t\t\t\t\t<h1 class=\"elementor-heading-title elementor-size-default\">Informativa sulla privacy<\/h1>\t\t\t\t<\/div>\n\t\t\t\t<\/div>\n\t\t\t\t\t<\/div>\n\t\t<\/div>\n\t\t\t\t\t<\/div>\n\t\t<\/div>\n\t\t\t\t<section class=\"elementor-section elementor-top-section elementor-element elementor-element-94c287f elementor-section-boxed elementor-section-height-default elementor-section-height-default\" data-id=\"94c287f\" data-element_type=\"section\" data-e-type=\"section\">\n\t\t\t\t\t\t<div class=\"elementor-container elementor-column-gap-default\">\n\t\t\t\t\t<div class=\"elementor-column elementor-col-100 elementor-top-column elementor-element elementor-element-aa62516\" data-id=\"aa62516\" data-element_type=\"column\" data-e-type=\"column\">\n\t\t\t<div class=\"elementor-widget-wrap elementor-element-populated\">\n\t\t\t\t\t\t<div class=\"elementor-element elementor-element-0c7d7aa elementor-widget elementor-widget-text-editor\" data-id=\"0c7d7aa\" data-element_type=\"widget\" data-e-type=\"widget\" data-widget_type=\"text-editor.default\">\n\t\t\t\t<div class=\"elementor-widget-container\">\n\t\t\t\t\t\t\t\t\t<p>Informativa sulla privacy<br \/>Sono una traduttrice freelance (Longinotti Daniela). La presente Informativa sulla privacy descrive in che modo utilizzo i dati personali da me raccolti su di voi quando utilizzate il mio sito web.<\/p><p>Argomenti:<\/p><p>Quali sono i dati che vengono raccolti?<\/p><p>In che modo vengono raccolti i vostri dati?<\/p><p>In che modo verranno utilizzati i vostri dati?<\/p><p>In che modo vengono memorizzati i vostri dati?<\/p><p>Marketing<\/p><p>Quali sono i vostri diritti di protezione dei dati?<\/p><p>Cosa sono i cookie?<\/p><p>In che modo vengono utilizzati i cookie?<\/p><p>Quali tipi di cookie vengono utilizzati?<\/p><p>Come gestire i cookie<\/p><p>Informative sulla privacy di altri siti web<\/p><p>Modifiche alla mia Informativa sulla privacy<\/p><p>Contatto<\/p><p>Come contattare le autorit\u00e0 competenti<\/p><h2>Quali sono i dati che vengono raccolti?<\/h2><p>Raccolgo i seguenti dati:<\/p><ul><li>Informazioni di identificazione personale (nome e cognome, indirizzo e-mail, numero di telefono, ecc.)<\/li><li>Dati contenuti nel materiale da tradurre: informazioni di identificazione (nome e cognome, indirizzo o altri elementi di identificazione personale), codici fiscali e altri numeri di identificazione personale, cittadinanza, coordinate bancarie<\/li><li>Dettagli di contatto e di fatturazione (rilevanti per clienti e destinatari della fatturazione)<\/li><li>Dettagli di contatto e di fatturazione (rilevanti per potenziali clienti)<\/li><\/ul><h2>In che modo vengono raccolti i vostri dati?<\/h2><p>La maggior parte dei dati raccolti mi viene messa a disposizione direttamente da voi. Raccolgo ed elaboro dati quando:<\/p><ul><li>vi registrate online o vi avvalete di uno dei miei servizi;<\/li><li>compilate volontariamente un sondaggio condotto tra i clienti o inviate un feedback in risposta a una delle mie bacheche dei messaggi o tramite e-mail;<\/li><li>utilizzate o visualizzate il mio sito web tramite i cookie del vostro browser;<\/li><li>vi iscrivete al mio blog;<\/li><li>mi affidate un incarico;<\/li><li>chiedete un preventivo.<\/li><\/ul><h2>In che modo verranno utilizzati i vostri dati?<\/h2><p>Raccolgo i vostri dati affinch\u00e9 sia possibile per me:<\/p><ul><li>elaborare il vostro ordine e gestire la vostra relazione commerciale;<\/li><li>inviarvi tramite e-mail offerte speciali per altri servizi che potrebbero essere di vostro interesse;<\/li><li>adempiere agli obblighi contrattuali correlati alla mia attivit\u00e0 professionale: traduzioni, revisioni specializzate, editing e revisioni di documenti da voi forniti, erogazione di servizi linguistici e di servizi di traduzione asseverata e certificata;<\/li><li>adempiere all\u2019obbligo legale di conservazione delle scritture contabili. A tale scopo, posso condividere i vostri dettagli di contatto e di fatturazione con il mio consulente fiscale;<\/li><li>redigere preventivi per traduzioni, revisioni specializzate, editing e revisioni, servizi linguistici e servizi di traduzione asseverata e certificata, provvedere alla fatturazione.<\/li><\/ul><p>Nell\u2019ambito dell\u2019elaborazione del vostro ordine, posso inoltrare i vostri dati ad agenzie di informazione sul credito e altres\u00ec utilizzare le informazioni da esse ottenute per prevenire acquisti fraudolenti.<\/p><h2>In che modo vengono memorizzati i vostri dati?<\/h2><p>Memorizzo in modo sicuro i vostri dati in Strada Provinciale Sariano 80, 29025 Gropparello (PC), Italia. Vengono adottate le seguenti precauzioni di sicurezza: accesso protetto da password e regolamentato ai sistemi informatici; accesso remoto sicuro ai sistemi informatici; rete wireless sicura; smartphone protetto da password; schermo protetto automaticamente da password e blocco del computer quando non in uso; aggiornamento regolare di antivirus e firewall; installazione immediata di aggiornamenti critici per sistemi operativi e applicazioni; trasmissione dei dati cifrata tramite Internet; utilizzo della firma elettronica ove applicabile; backup dei dati su base regolare (NAS, OneDrive for Business con controllo sull\u2019esecuzione e verifica dei backup dei dati); impianto di allarme e videosorveglianza con registrazione (15 giorni); pseudonimizzazione, anonimizzazione; memorizzazione protetta da password delle password; distruggidocumenti; armadi metallici con serratura.<\/p><p>Per qualsiasi problematica correlata alla sicurezza informatica, posso rivolgermi al mio consulente informatico.<\/p><p>In conformit\u00e0 alle prassi settoriali e alle condizioni generali che disciplinano la relazione commerciale, conservo i vostri dati contenuti nel materiale da tradurre per 5 anni. Conservo i vostri dati di contatto e di fatturazione per 10 anni (art. 2220 Codice Civile) (rilevante per i clienti). In conformit\u00e0 alle prassi settoriali e alle condizioni generali che disciplinano la relazione commerciale, conservo i vostri dati di contatto e di fatturazione per 5 anni (rilevante per potenziali clienti). Trascorso tale periodo di tempo, canceller\u00f2 definitivamente i vostri dati.<\/p><h2>Marketing<\/h2><p>Vorrei inviarvi informazioni in merito ai miei servizi che ritengo potrebbero essere di vostro interesse.<\/p><p>Se avete acconsentito a ricevere pubblicit\u00e0, potete sempre revocare il vostro consenso in un momento successivo.<\/p><p>Avete il diritto in ogni momento di chiedere di non essere pi\u00f9 contattati da parte mia per finalit\u00e0 di marketing.<\/p><p>Se non desiderate pi\u00f9 essere contattati per finalit\u00e0 di marketing, <a href=\"mailto:info@danielalonginotti.com\">fate clic qui<\/a>.<\/p><h2>Quali sono i vostri diritti di protezione dei dati?<\/h2><p>Desidero assicurarmi che siate pienamente a conoscenza dei vostri diritti di protezione dei dati. Ciascun utente ha i seguenti diritti:<\/p><p><strong>Diritto di accesso<\/strong>: avete il diritto di chiedermi copie dei vostri dati personali. Potrei addebitarvi un importo di bassa entit\u00e0 per tale servizio.<\/p><p><strong>Diritto di rettific<\/strong>a: avete il diritto di chiedere che provveda a correggere eventuali informazioni che ritenete siano inesatte. Avete altres\u00ec il diritto di chiedermi di completare le informazioni che ritenete siano incomplete.<\/p><p><strong>Diritto alla cancellazione<\/strong>: avete il diritto di chiedere che provveda a cancellare i vostri dati personali a determinate condizioni.<\/p><p><strong>Diritto di limitazione di trattamento<\/strong>: avete il diritto di chiedere che provveda a limitare il trattamento dei vostri dati personali a determinate condizioni.<\/p><p><strong>Diritto di opposizione al trattamento<\/strong>: avete il diritto di opporvi al trattamento da parte mia dei vostri dati personali a determinate condizioni.<\/p><p><strong>Diritto alla portabilit\u00e0 dei dati<\/strong>: avete il diritto di chiedere che provveda a trasferire i dati da me raccolti a un\u2019altra organizzazione, o direttamente a voi, a determinate condizioni.<\/p><p>Nel caso in cui inoltriate una richiesta, avr\u00f2 a disposizione un mese di tempo per rispondervi. Se desiderate esercitare uno dei summenzionati diritti, potete contattarmi al mio indirizzo e-mail: <a href=\"mailto:info@danielalonginotti.com\">info@danielalonginotti.com<\/a><\/p><p>Oppure contattarmi telefonicamente al numero: +39 0523 246514 +39 328 56 900 52<\/p><p>Oppure scrivermi all\u2019indirizzo: Strada Provinciale Sariano 80, 29025 Gropparello (PC), Italia<\/p><h2>Cookie<\/h2><p>I cookie sono file di testo memorizzati sul vostro computer per raccogliere informazioni standard del registro Internet e informazioni sul comportamento dei visitatori. Quando visitate il mio sito web, posso raccogliere automaticamente informazioni da voi tramite i cookie o una tecnologia simile.<\/p><p>Ulteriori informazioni sono disponibili all\u2019indirizzo <a href=\"http:\/\/allaboutcookies.org\">allaboutcookies.org<\/a>.<\/p><h2>In che modo vengono utilizzati i cookie?<\/h2><p>Utilizzo i cookie per diverse finalit\u00e0 per migliorare la vostra esperienza sul mio sito web, tra cui allo scopo di:<\/p><ul><li>Assicurare la vostra connessione al sito<\/li><li>Capire in che modo utilizzate il mio sito web<\/li><\/ul><h2>Quali tipi di cookie vengono utilizzati?<\/h2><p>Esistono diverse tipologie di cookie; tuttavia, il mio sito web utilizza:<\/p><ul><li>Cookie funzionali: utilizzo questi cookie al fine di riconoscere la vostra visita sul mio sito web e ricordare le preferenze da voi precedentemente selezionate. Queste potrebbero comprendere la lingua da voi selezionata e la vostra ubicazione. \u00c8 utilizzata una combinazione di cookie di prima parte e di terza parte.<\/li><li>Pubblicit\u00e0: utilizzo questi cookie al fine di raccogliere informazioni in merito alla vostra visita sul mio sito web, al contenuto da voi visualizzato, ai link da voi selezionati e alle informazioni relative al vostro browser, al vostro dispositivo e al vostro indirizzo IP. Condivido talvolta alcuni aspetti limitati di tali dati con terzi per finalit\u00e0 pubblicitarie. Posso altres\u00ec condividere i dati online raccolti tramite i cookie con partner pubblicitari. Ci\u00f2 significa che quando visitate un altro sito web, potreste visualizzare pubblicit\u00e0 basata sul vostro comportamento di navigazione sul mio sito web.<\/li><\/ul><h2>Come gestire i cookie<\/h2><p>Potete impostare il vostro browser in modo tale che non accetti i cookie; il sito web sopra indicato contiene istruzioni su come rimuovere i cookie dal vostro browser. Tuttavia, in alcuni casi, ci\u00f2 potrebbe comportare il mancato funzionamento di alcune delle funzionalit\u00e0 del mio sito web.<\/p><h2>Informative sulla privacy di altri siti web<\/h2><p>Il mio sito web contiene collegamenti ad altri siti web. La mia Informativa sulla privacy si applica unicamente al mio sito web, di conseguenza se fate clic su un collegamento a un altro sito web, dovreste consultare la rispettiva informativa sulla privacy.<\/p><h2>Modifiche alla mia Informativa sulla privacy<\/h2><p>Aggiorno regolarmente la mia Informativa sulla privacy e pubblico eventuali aggiornamenti su questo sito web. La presente Informativa sulla privacy \u00e8 stata aggiornata l\u2019ultima volta in data 13 settembre 2021.<\/p><h2>Contatto<\/h2><p>In caso di domande in merito alla mia Informativa sulla privacy, ai dati da me conservati su di voi, o se desiderate esercitare uno dei vostri diritti di protezione dei dati, non esitate a contattarmi.<\/p><p>Potete contattarmi via e-mail all\u2019indirizzo: <a href=\"mailto:info@danielalonginotti.com\">info@danielalonginotti.com<\/a><\/p><p>Oppure contattarmi telefonicamente al numero: +39 0523 246514 +39 328 56 900 52<\/p><p>Oppure scrivermi all\u2019indirizzo: Strada Provinciale Sariano 80, 29025 Gropparello (PC), Italia<\/p><h2>Come contattare le autorit\u00e0 competenti<\/h2><p>Se desiderate presentare un reclamo o se ritenete che non abbia risposto in modo soddisfacente alla vostra richiesta, potete contattare il Garante per la protezione dei dati personali.<\/p><p>E-mail: protocollo@gpdp.it<\/p><p>Indirizzo: Piazza Venezia 11 00187 \u2013 Roma<\/p>\t\t\t\t\t\t\t\t<\/div>\n\t\t\t\t<\/div>\n\t\t\t\t\t<\/div>\n\t\t<\/div>\n\t\t\t\t\t<\/div>\n\t\t<\/section>\n\t\t\t\t<\/div>\n\t\t","protected":false},"excerpt":{"rendered":"<p>Informativa sulla privacy Informativa sulla privacy Sono una traduttrice freelance (Longinotti Daniela). La presente Informativa sulla privacy descrive in che modo utilizzo i dati personali da me raccolti su di voi quando utilizzate il mio sito web. Argomenti: Quali sono i dati che vengono raccolti? In che modo vengono raccolti i vostri dati? In che [&hellip;]<\/p>\n","protected":false},"author":1,"featured_media":0,"parent":0,"menu_order":0,"comment_status":"closed","ping_status":"closed","template":"template-homepage.php","meta":{"footnotes":""},"class_list":["post-17302","page","type-page","status-publish","hentry"],"yoast_head":"<!-- This site is optimized with the Yoast SEO plugin v27.1.1 - https:\/\/yoast.com\/product\/yoast-seo-wordpress\/ -->\n<title>Informativa sulla privacy Daniela Longinotti<\/title>\n<meta name=\"robots\" content=\"noindex, follow\" \/>\n<meta property=\"og:locale\" content=\"it_IT\" \/>\n<meta property=\"og:type\" content=\"article\" \/>\n<meta property=\"og:title\" content=\"Informativa sulla privacy Daniela Longinotti\" \/>\n<meta property=\"og:description\" content=\"Informativa sulla privacy Informativa sulla privacy Sono una traduttrice freelance (Longinotti Daniela). La presente Informativa sulla privacy descrive in che modo utilizzo i dati personali da me raccolti su di voi quando utilizzate il mio sito web. Argomenti: Quali sono i dati che vengono raccolti? In che modo vengono raccolti i vostri dati? In che [&hellip;]\" \/>\n<meta property=\"og:url\" content=\"https:\/\/danielalonginotti.com\/it\/informativa-sulla-privacy\/\" \/>\n<meta property=\"og:site_name\" content=\"Daniela Longinotti\" \/>\n<meta property=\"article:modified_time\" content=\"2021-11-24T12:57:29+00:00\" \/>\n<meta name=\"twitter:card\" content=\"summary_large_image\" \/>\n<meta name=\"twitter:label1\" content=\"Tempo di lettura stimato\" \/>\n\t<meta name=\"twitter:data1\" content=\"7 minuti\" \/>\n<script type=\"application\/ld+json\" class=\"yoast-schema-graph\">{\"@context\":\"https:\/\/schema.org\",\"@graph\":[{\"@type\":\"WebPage\",\"@id\":\"https:\/\/danielalonginotti.com\/it\/informativa-sulla-privacy\/\",\"url\":\"https:\/\/danielalonginotti.com\/it\/informativa-sulla-privacy\/\",\"name\":\"Informativa sulla privacy Daniela Longinotti\",\"isPartOf\":{\"@id\":\"https:\/\/danielalonginotti.com\/#website\"},\"datePublished\":\"2021-11-24T12:50:20+00:00\",\"dateModified\":\"2021-11-24T12:57:29+00:00\",\"breadcrumb\":{\"@id\":\"https:\/\/danielalonginotti.com\/it\/informativa-sulla-privacy\/#breadcrumb\"},\"inLanguage\":\"it-IT\",\"potentialAction\":[{\"@type\":\"ReadAction\",\"target\":[\"https:\/\/danielalonginotti.com\/it\/informativa-sulla-privacy\/\"]}]},{\"@type\":\"BreadcrumbList\",\"@id\":\"https:\/\/danielalonginotti.com\/it\/informativa-sulla-privacy\/#breadcrumb\",\"itemListElement\":[{\"@type\":\"ListItem\",\"position\":1,\"name\":\"Home\",\"item\":\"https:\/\/danielalonginotti.com\/\"},{\"@type\":\"ListItem\",\"position\":2,\"name\":\"Informativa sulla privacy\"}]},{\"@type\":\"WebSite\",\"@id\":\"https:\/\/danielalonginotti.com\/#website\",\"url\":\"https:\/\/danielalonginotti.com\/\",\"name\":\"Daniela Longinotti\",\"description\":\"Certified and qualified translator\",\"publisher\":{\"@id\":\"https:\/\/danielalonginotti.com\/#organization\"},\"potentialAction\":[{\"@type\":\"SearchAction\",\"target\":{\"@type\":\"EntryPoint\",\"urlTemplate\":\"https:\/\/danielalonginotti.com\/?s={search_term_string}\"},\"query-input\":{\"@type\":\"PropertyValueSpecification\",\"valueRequired\":true,\"valueName\":\"search_term_string\"}}],\"inLanguage\":\"it-IT\"},{\"@type\":\"Organization\",\"@id\":\"https:\/\/danielalonginotti.com\/#organization\",\"name\":\"Daniela Longinotti\",\"url\":\"https:\/\/danielalonginotti.com\/\",\"logo\":{\"@type\":\"ImageObject\",\"inLanguage\":\"it-IT\",\"@id\":\"https:\/\/danielalonginotti.com\/#\/schema\/logo\/image\/\",\"url\":\"https:\/\/danielalonginotti.com\/wp-content\/uploads\/2021\/07\/dl-logo.png\",\"contentUrl\":\"https:\/\/danielalonginotti.com\/wp-content\/uploads\/2021\/07\/dl-logo.png\",\"width\":400,\"height\":161,\"caption\":\"Daniela Longinotti\"},\"image\":{\"@id\":\"https:\/\/danielalonginotti.com\/#\/schema\/logo\/image\/\"}}]}<\/script>\n<!-- \/ Yoast SEO plugin. -->","yoast_head_json":{"title":"Informativa sulla privacy Daniela Longinotti","robots":{"index":"noindex","follow":"follow"},"og_locale":"it_IT","og_type":"article","og_title":"Informativa sulla privacy Daniela Longinotti","og_description":"Informativa sulla privacy Informativa sulla privacy Sono una traduttrice freelance (Longinotti Daniela). La presente Informativa sulla privacy descrive in che modo utilizzo i dati personali da me raccolti su di voi quando utilizzate il mio sito web. Argomenti: Quali sono i dati che vengono raccolti? In che modo vengono raccolti i vostri dati? In che [&hellip;]","og_url":"https:\/\/danielalonginotti.com\/it\/informativa-sulla-privacy\/","og_site_name":"Daniela Longinotti","article_modified_time":"2021-11-24T12:57:29+00:00","twitter_card":"summary_large_image","twitter_misc":{"Tempo di lettura stimato":"7 minuti"},"schema":{"@context":"https:\/\/schema.org","@graph":[{"@type":"WebPage","@id":"https:\/\/danielalonginotti.com\/it\/informativa-sulla-privacy\/","url":"https:\/\/danielalonginotti.com\/it\/informativa-sulla-privacy\/","name":"Informativa sulla privacy Daniela Longinotti","isPartOf":{"@id":"https:\/\/danielalonginotti.com\/#website"},"datePublished":"2021-11-24T12:50:20+00:00","dateModified":"2021-11-24T12:57:29+00:00","breadcrumb":{"@id":"https:\/\/danielalonginotti.com\/it\/informativa-sulla-privacy\/#breadcrumb"},"inLanguage":"it-IT","potentialAction":[{"@type":"ReadAction","target":["https:\/\/danielalonginotti.com\/it\/informativa-sulla-privacy\/"]}]},{"@type":"BreadcrumbList","@id":"https:\/\/danielalonginotti.com\/it\/informativa-sulla-privacy\/#breadcrumb","itemListElement":[{"@type":"ListItem","position":1,"name":"Home","item":"https:\/\/danielalonginotti.com\/"},{"@type":"ListItem","position":2,"name":"Informativa sulla privacy"}]},{"@type":"WebSite","@id":"https:\/\/danielalonginotti.com\/#website","url":"https:\/\/danielalonginotti.com\/","name":"Daniela Longinotti","description":"Certified and qualified translator","publisher":{"@id":"https:\/\/danielalonginotti.com\/#organization"},"potentialAction":[{"@type":"SearchAction","target":{"@type":"EntryPoint","urlTemplate":"https:\/\/danielalonginotti.com\/?s={search_term_string}"},"query-input":{"@type":"PropertyValueSpecification","valueRequired":true,"valueName":"search_term_string"}}],"inLanguage":"it-IT"},{"@type":"Organization","@id":"https:\/\/danielalonginotti.com\/#organization","name":"Daniela Longinotti","url":"https:\/\/danielalonginotti.com\/","logo":{"@type":"ImageObject","inLanguage":"it-IT","@id":"https:\/\/danielalonginotti.com\/#\/schema\/logo\/image\/","url":"https:\/\/danielalonginotti.com\/wp-content\/uploads\/2021\/07\/dl-logo.png","contentUrl":"https:\/\/danielalonginotti.com\/wp-content\/uploads\/2021\/07\/dl-logo.png","width":400,"height":161,"caption":"Daniela Longinotti"},"image":{"@id":"https:\/\/danielalonginotti.com\/#\/schema\/logo\/image\/"}}]}},"_links":{"self":[{"href":"https:\/\/danielalonginotti.com\/it\/wp-json\/wp\/v2\/pages\/17302","targetHints":{"allow":["GET"]}}],"collection":[{"href":"https:\/\/danielalonginotti.com\/it\/wp-json\/wp\/v2\/pages"}],"about":[{"href":"https:\/\/danielalonginotti.com\/it\/wp-json\/wp\/v2\/types\/page"}],"author":[{"embeddable":true,"href":"https:\/\/danielalonginotti.com\/it\/wp-json\/wp\/v2\/users\/1"}],"replies":[{"embeddable":true,"href":"https:\/\/danielalonginotti.com\/it\/wp-json\/wp\/v2\/comments?post=17302"}],"version-history":[{"count":9,"href":"https:\/\/danielalonginotti.com\/it\/wp-json\/wp\/v2\/pages\/17302\/revisions"}],"predecessor-version":[{"id":17312,"href":"https:\/\/danielalonginotti.com\/it\/wp-json\/wp\/v2\/pages\/17302\/revisions\/17312"}],"wp:attachment":[{"href":"https:\/\/danielalonginotti.com\/it\/wp-json\/wp\/v2\/media?parent=17302"}],"curies":[{"name":"wp","href":"https:\/\/api.w.org\/{rel}","templated":true}]}}