{"id":17293,"date":"2021-11-24T12:50:20","date_gmt":"2021-11-24T12:50:20","guid":{"rendered":"https:\/\/danielalonginotti.com\/privacy-policy\/"},"modified":"2021-11-26T15:38:02","modified_gmt":"2021-11-26T15:38:02","slug":"datenschutzerklaerung","status":"publish","type":"page","link":"https:\/\/danielalonginotti.com\/de\/datenschutzerklaerung\/","title":{"rendered":"Datenschutzerkl\u00e4rung"},"content":{"rendered":"\t\t<div data-elementor-type=\"wp-page\" data-elementor-id=\"17293\" class=\"elementor elementor-17293 elementor-17286\" data-elementor-post-type=\"page\">\n\t\t\t\t\t\t<div class=\"elementor-section elementor-top-section elementor-element elementor-element-bc0b1d7 elementor-section-height-min-height elementor-section-stretched elementor-section-boxed elementor-section-height-default elementor-section-items-middle\" data-id=\"bc0b1d7\" data-element_type=\"section\" data-e-type=\"section\" data-settings=\"{&quot;stretch_section&quot;:&quot;section-stretched&quot;,&quot;background_background&quot;:&quot;classic&quot;}\">\n\t\t\t\t\t\t\t<div class=\"elementor-background-overlay\"><\/div>\n\t\t\t\t\t\t\t<div class=\"elementor-container elementor-column-gap-no\">\n\t\t\t\t\t<div class=\"elementor-column elementor-col-100 elementor-top-column elementor-element elementor-element-3088fe2\" data-id=\"3088fe2\" data-element_type=\"column\" data-e-type=\"column\">\n\t\t\t<div class=\"elementor-widget-wrap elementor-element-populated\">\n\t\t\t\t\t\t<div class=\"elementor-element elementor-element-341d814 elementor-widget elementor-widget-heading\" data-id=\"341d814\" data-element_type=\"widget\" data-e-type=\"widget\" data-widget_type=\"heading.default\">\n\t\t\t\t<div class=\"elementor-widget-container\">\n\t\t\t\t\t<h1 class=\"elementor-heading-title elementor-size-default\">Datenschutzerkl\u00e4rung<\/h1>\t\t\t\t<\/div>\n\t\t\t\t<\/div>\n\t\t\t\t\t<\/div>\n\t\t<\/div>\n\t\t\t\t\t<\/div>\n\t\t<\/div>\n\t\t\t\t<section class=\"elementor-section elementor-top-section elementor-element elementor-element-95981ad elementor-section-boxed elementor-section-height-default elementor-section-height-default\" data-id=\"95981ad\" data-element_type=\"section\" data-e-type=\"section\">\n\t\t\t\t\t\t<div class=\"elementor-container elementor-column-gap-default\">\n\t\t\t\t\t<div class=\"elementor-column elementor-col-100 elementor-top-column elementor-element elementor-element-b97e97d\" data-id=\"b97e97d\" data-element_type=\"column\" data-e-type=\"column\">\n\t\t\t<div class=\"elementor-widget-wrap elementor-element-populated\">\n\t\t\t\t\t\t<div class=\"elementor-element elementor-element-4a30fba elementor-widget elementor-widget-text-editor\" data-id=\"4a30fba\" data-element_type=\"widget\" data-e-type=\"widget\" data-widget_type=\"text-editor.default\">\n\t\t\t\t<div class=\"elementor-widget-container\">\n\t\t\t\t\t\t\t\t\t<p>Ich bin freiberufliche \u00dcbersetzerin (Longinotti Daniela). Die folgende Datenschutzerkl\u00e4rung gibt Auskunft dar\u00fcber, wie ich Ihrer pers\u00f6nlichen Daten verwende, die bei der Nutzung meiner Website erfasst werden.<\/p>\n<p>Inhalt<\/p>\n<p>Welche Daten werden erfasst?<\/p>\n<p>Wie werden Ihre Daten erfasst?<\/p>\n<p>Wie werden Ihre Daten verwendet?<\/p>\n<p>Wie werden Ihre Daten gespeichert?<\/p>\n<p>Marketing<\/p>\n<p>Welche Datenschutzrechte haben Sie?<\/p>\n<p>Was sind Cookies?<\/p>\n<p>Wie werden Cookies verwendet?<\/p>\n<p>Welche Arten von Cookies werden verwendet?<\/p>\n<p>So k\u00f6nnen Sie Ihre Cookies verwalten<\/p>\n<p>Datenschutzrichtlinien anderer Websites<\/p>\n<p>\u00c4nderungen an meiner Datenschutzerkl\u00e4rung<\/p>\n<p>Kontakt<\/p>\n<p>So kontaktieren Sie die zust\u00e4ndige Datenschutzbeh\u00f6rde<\/p>\n<h2>Welche Daten werden erfasst?<\/h2>\n<p>Folgende Daten werden von mir erfasst:<\/p>\n<ul>\n<li>Angaben zur Identifizierung der Person (Name, E-Mail-Adresse, Telefonnummer usw.)<\/li>\n<li>Daten, die in dem zu \u00fcbersetzenden Material enthalten sind: Angaben zur Identifikation (Name, Adresse oder andere pers\u00f6nliche Identifikationselemente), Steuernummern und andere pers\u00f6nliche Identifikationsnummern, Staatsangeh\u00f6rigkeit, Bankverbindung<\/li>\n<li>Kontakt- und Rechnungsdaten (bei Kunden und Rechnungsempf\u00e4nger)<\/li>\n<li>Kontakt- und Rechnungsdaten (bei potenziellen Kunden)<\/li>\n<\/ul>\n<h2>Wie werden Ihre Daten erfasst?<\/h2>\n<p>Die meisten von mir erfassten Daten stellen Sie mir direkt zur Verf\u00fcgung. Ich erhebe und verarbeite Daten, wenn Sie:<\/p>\n<ul>\n<li>sich online registrieren oder eine Dienstleistung bei mir in Auftrag geben;<\/li>\n<li>auf freiwilliger Basis an einer Kundenbefragung teilnehmen oder auf einem meiner Messageboards oder per E-Mail Feedback geben;<\/li>\n<li>meine Website nutzen oder ansehen und Ihr Browser entsprechende Cookies verwendet;<\/li>\n<li>meinen Blog abonnieren;<\/li>\n<li>mir einen Auftrag erteilen;<\/li>\n<li>ein Angebot anfordern.<\/li>\n<\/ul>\n<h2>Wie werden Ihre Daten verwendet?<\/h2>\n<p>Ich erfasse Ihre Daten:<\/p>\n<ul>\n<li>zur Auftragsabwicklung und Verwaltung der Gesch\u00e4ftsbeziehung;<\/li>\n<li>zur Versendung spezielle Angebote per E-Mail f\u00fcr andere Dienstleistungen, die Sie interessieren k\u00f6nnten;<\/li>\n<li>zur Erf\u00fcllung vertraglicher Verpflichtungen im Zusammenhang mit meiner beruflichen T\u00e4tigkeit: \u00dcbersetzung, Revision, Editing und Korrekturlesen von Dokumenten, die Sie mir zur Verf\u00fcgung stellen, Erbringung von Sprachdienstleistungen sowie vereidigte und beglaubigte \u00dcbersetzungen;<\/li>\n<li>zur Erf\u00fcllung der gesetzlichen Verpflichtungen zur Aufbewahrung von Buchhaltungsdaten. Zu diesem Zweck darf ich Ihre Kontakt- und Rechnungsdaten an meinen Steuerberater weitergeben.<\/li>\n<li>zur Erstellung von Kostenvoranschl\u00e4gen f\u00fcr \u00dcbersetzungen, Revisionen, Editing und Korrekturlesen, Sprachdienstleistungen sowie f\u00fcr beeidigte und beglaubigte \u00dcbersetzungen, Rechnungsstellung.<\/li>\n<\/ul>\n<p>Im Rahmen der Auftragsabwicklung kann ich Ihre Daten an Kreditauskunfteien \u00fcbermitteln und die dort eingeholten Informationen nutzen, um Betrugsversuche abzuwehren.<\/p>\n<h2>Wie werden Ihre Daten gespeichert?<\/h2>\n<p>Ihre Daten werden von mir sicher in 29025 Gropparello (PC), Strada Provinciale Sariano 80, Italien gespeichert. Folgende Ma\u00dfnahmen zur Sicherheit wurden getroffen: passwortgesch\u00fctzter und kontrollierter Zugang zu IT-Systemen; sicherer Fernzugriff auf IT-Systeme; sicheres drahtloses Netzwerk; passwortgesch\u00fctztes Smartphone; automatische passwortgesch\u00fctzte Bildschirm- und Computersperre bei Nichtbenutzung; regelm\u00e4\u00dfige Aktualisierung von Virenschutz und Firewalls; sofortige Installation kritischer Updates f\u00fcr Betriebssysteme und Anwendungen; verschl\u00fcsselte Daten\u00fcbertragung \u00fcber das Internet; falls erforderlich Verwendung elektronischer Signaturen; regelm\u00e4\u00dfige Datensicherung (NAS, OneDrive for Business, einschlie\u00dflich Kontrolle der Durchf\u00fchrung und \u00dcberpr\u00fcfung von Datensicherungen); Sicherheitsalarm und Video\u00fcberwachung mit Aufzeichnung (15 Tage); Pseudonymisierung, Anonymisierung; passwortgesch\u00fctzte Speicherung von Passw\u00f6rtern; Aktenvernichter; Metallschr\u00e4nke mit Verriegelung.<\/p>\n<p>Bei Fragen zur IT-Sicherheit schalte ich gegebenenfalls den von mir beauftragten EDV-Berater ein.<\/p>\n<p>Entsprechend der g\u00e4ngigen Praxis und meinen Gesch\u00e4ftsbedingungen bewahre ich Ihre in dem zu \u00fcbersetzenden Material enthaltenen Daten 5 Jahre lang auf. Ich bewahre Ihre Kontakt- und Rechnungsdaten 10 Jahre lang auf (Art. 2220 italienisches Zivilgesetzbuch) (bei Kunden). Ich bewahre Ihre Kontakt- und Rechnungsdaten gem\u00e4\u00df der g\u00e4ngigen Praxis und meinen Gesch\u00e4ftsbedingungen 5 Jahre lang auf (bei potenziellen Kunden). Nach Ablauf dieses Zeitraums l\u00f6sche ich Ihre Daten endg\u00fcltig.<\/p>\n<h2>Marketing<\/h2>\n<p>Ich m\u00f6chte Ihnen Informationen \u00fcber meine Dienstleistungen zusenden, von denen ich annehme, dass Sie daran interessiert sein k\u00f6nnten.<\/p>\n<p>Wenn Sie der Zusendung von Werbung zugestimmt haben, k\u00f6nnen Sie diese jederzeit zu einem sp\u00e4teren Zeitpunkt wieder abbestellen.<\/p>\n<p>Sie haben das Recht, jederzeit die Kontaktaufnahme durch mich zu Marketingzwecken zu unterbinden.<\/p>\n<p>Wenn Sie nicht l\u00e4nger zu Marketingzwecken kontaktiert werden m\u00f6chten, <a href=\"mailto:info@danielalonginotti.com\">klicken Sie bitte hier<\/a>.<\/p>\n<h2>Welche Datenschutzrechte haben Sie?<\/h2>\n<p>Hiermit m\u00f6chte ich Sie umfassend \u00fcber alle Ihre Datenschutzrechte informieren. Jede Person, die mein Angebot nutzt, hat folgende Rechte:<\/p>\n<p><strong>Auskunftsrecht<\/strong> \u2013 Sie sind berechtigt, von mir Kopien Ihrer personenbezogenen Daten zu verlangen. Hierf\u00fcr f\u00e4llt m\u00f6glicherweise eine geringe Geb\u00fchr an.<\/p>\n<p><strong>Recht auf Berichtigung<\/strong> \u2013 Sie sind berechtigt, von mir die Berichtigung von Daten zu verlangen, die Sie als unzutreffend erachten. Ferner sind Sie berechtigt, von mir die Vervollst\u00e4ndigung von Angaben zu verlangen, die Ihrer Ansicht nach unvollst\u00e4ndig sind.<\/p>\n<p><strong>Recht auf L\u00f6schung<\/strong> \u2013 Sie sind berechtigt, unter bestimmten Bedingungen zu verlangen, dass ich Ihre personenbezogenen Daten l\u00f6sche.<\/p>\n<p><strong>Recht auf Einschr\u00e4nkung der Verarbeitung<\/strong> \u2013 Sie sind berechtigt, unter bestimmten Bedingungen zu verlangen, dass ich die Verarbeitung Ihrer personenbezogenen Daten einschr\u00e4nke.<\/p>\n<p><strong>Recht auf Widerspruch gegen die Verarbeitung<\/strong> \u2013 Sie sind berechtigt, der Verarbeitung Ihrer personenbezogenen Daten durch mich unter bestimmten Bedingungen zu widersprechen.<\/p>\n<p><strong>Recht auf Daten\u00fcbertragbarkeit<\/strong> \u2013 Sie sind berechtigt, unter bestimmten Bedingungen zu verlangen, dass ich die von mir erfassten Daten an eine andere Organisation oder direkt an Sie weitergebe.<\/p>\n<p>Im Falle einer entsprechenden Anfrage Ihrerseits steht mir eine Frist von einem Monat zur Verf\u00fcgung, um Ihnen zu antworten. M\u00f6chten Sie eines der genannten Rechte aus\u00fcben, wenden Sie sich bitte per E-Mail an mich: info@danielalonginotti.com<\/p>\n<p>Oder kontaktieren Sie mich per Telefon: +39 0523 246514 +39 328 56 900 52<\/p>\n<p>Oder schreiben Sie mir: Strada Provinciale Sariano 80, 29025 Gropparello (PC), Italien<\/p>\n<h2>Cookies<\/h2>\n<p>Cookies sind Textdateien, die auf Ihrem Computer abgelegt werden, um standardisierte Internetprotokolldaten und Informationen zum Besucherverhalten zu sammeln. Beim Besuch meiner Website k\u00f6nnen unter Umst\u00e4nden mithilfe von Cookies oder \u00e4hnliche Technologien automatisch Informationen von Ihnen erfasst werden.<\/p>\n<p>Weitere Informationen finden Sie unter <a href=\"http:\/\/allaboutcookies.org\">allaboutcookies.org<\/a>.<\/p>\n<h2>Wie werden Cookies verwendet?<\/h2>\n<p>Cookies werden von mir f\u00fcr verschiedene Zwecke verwendet, um Ihre Nutzererfahrung auf meiner Website zu verbessern. Ich nutze Cookies unter anderem:<\/p>\n<ul>\n<li>Damit Sie angemeldet bleiben<\/li>\n<li>Um zu verstehen, wie Sie meine Website nutzen<\/li>\n<\/ul>\n<h2>Welche Arten von Cookies werden verwendet?<\/h2>\n<p>Auf meiner Website werden verschiedene Arten von Cookies verwendet:<\/p>\n<ul>\n<li>Funktionale Cookies \u2013 Diese Cookies dienen dazu, Sie auf meiner Website wiederzuerkennen und Ihre zuvor gew\u00e4hlten Einstellungen zu speichern. Dazu geh\u00f6ren beispielsweise die von Ihnen gew\u00e4hlte Sprache und der Ort, an dem Sie sich befinden. Zum Einsatz kommt dabei eine Kombination aus Erstanbieter- und Drittanbieter-Cookies.<\/li><li>Werbung \u2013 Mithilfe dieser Cookies sammle ich Informationen \u00fcber Ihren Besuch auf meiner Website. Dazu geh\u00f6ren die Inhalte, die Sie angesehen haben, die Links, denen Sie gefolgt sind, sowie Informationen \u00fcber Ihren Browser, Ihr Endger\u00e4t und Ihre IP-Adresse. Gelegentlich werden diese Daten in begrenztem Umfang zu Werbezwecken an Dritte weitergegeben.&nbsp; Gegebenenfalls werden die durch Cookies erfassten Online-Daten auch an Werbepartner weitergegeben. Das bedeutet, dass Ihnen beim Besuch einer anderen Website m\u00f6glicherweise Werbung angezeigt wird, die auf der Grundlage Ihres Surfverhaltens auf meiner Website erstellt wurde.<br><\/li>\n<\/ul>\n<h2>So k\u00f6nnen Sie Cookies verwalten<\/h2>\n<p>Sie k\u00f6nnen Ihren Browser so einstellen, dass er keine Cookies akzeptiert. Auf der oben genannten Website erfahren Sie, wie Sie Cookies in Ihrem Browser l\u00f6schen k\u00f6nnen. Allerdings k\u00f6nnen dadurch in Einzelf\u00e4llen einige Funktionen meiner Website nicht ausgef\u00fchrt werden.<\/p>\n<h2>Datenschutzrichtlinien anderer Websites<\/h2>\n<p>Meine Website enth\u00e4lt Links zu anderen Websites. Meine Datenschutzerkl\u00e4rung gilt nur f\u00fcr meine Website. Wenn Sie also auf einen Link zu einer anderen Website klicken, sollten Sie dort die Datenschutzerkl\u00e4rung lesen.<\/p>\n<h2>\u00c4nderungen an meiner Datenschutzerkl\u00e4rung<\/h2>\n<p>Ich \u00fcberpr\u00fcfe meine Datenschutzerkl\u00e4rung regelm\u00e4\u00dfig. Alle \u00c4nderungen werden auf dieser Webseite ver\u00f6ffentlicht. Diese Datenschutzerkl\u00e4rung wurde zuletzt am 13. September 2021 ge\u00e4ndert.<\/p>\n<h2>Kontakt<\/h2>\n<p>Wenn Sie Fragen zu meiner Datenschutzerkl\u00e4rung haben, zu den Daten, die ich \u00fcber Sie speichere, oder Ihre Datenschutzrechte aus\u00fcben m\u00f6chten, dann nehmen Sie bitte Kontakt mit mir auf.<\/p>\n<p>Schicken Sie mir eine E-Mail an: <a href=\"mailto:info@danielalonginotti.com\">info@danielalonginotti.com<\/a><\/p>\n<p>Oder kontaktieren Sie mich telefonisch: +39 0523 246514 +39 328 56 900 52<\/p>\n<p>Oder schreiben Sie mir: Strada Provinciale Sariano 80, 29025 Gropparello (PC), Italien<\/p>\n<h2>So kontaktieren Sie die zust\u00e4ndige Datenschutzbeh\u00f6rde<\/h2>\n<p>Sofern Sie Beschwerde einlegen m\u00f6chten oder der Ansicht sind, dass ich Ihr Anliegen nicht in zufriedenstellender Weise behandelt habe, k\u00f6nnen Sie sich an die italienische Datenschutzbeh\u00f6rde Garante per la protezione dei dati personali wenden.<\/p>\n<p>E-Mail: protocollo@gpdp.it<\/p>\n<p>Adresse: Piazza Venezia 11 00187 \u2013 Roma<\/p>\t\t\t\t\t\t\t\t<\/div>\n\t\t\t\t<\/div>\n\t\t\t\t\t<\/div>\n\t\t<\/div>\n\t\t\t\t\t<\/div>\n\t\t<\/section>\n\t\t\t\t<\/div>\n\t\t","protected":false},"excerpt":{"rendered":"<p>Datenschutzerkl\u00e4rung Ich bin freiberufliche \u00dcbersetzerin (Longinotti Daniela). Die folgende Datenschutzerkl\u00e4rung gibt Auskunft dar\u00fcber, wie ich Ihrer pers\u00f6nlichen Daten verwende, die bei der Nutzung meiner Website erfasst werden. Inhalt Welche Daten werden erfasst? Wie werden Ihre Daten erfasst? Wie werden Ihre Daten verwendet? Wie werden Ihre Daten gespeichert? Marketing Welche Datenschutzrechte haben Sie? Was sind Cookies? [&hellip;]<\/p>\n","protected":false},"author":1,"featured_media":0,"parent":0,"menu_order":0,"comment_status":"closed","ping_status":"closed","template":"template-homepage.php","meta":{"footnotes":""},"class_list":["post-17293","page","type-page","status-publish","hentry"],"yoast_head":"<!-- This site is optimized with the Yoast SEO plugin v27.1.1 - https:\/\/yoast.com\/product\/yoast-seo-wordpress\/ -->\n<title>Datenschutzerkl\u00e4rung Daniela Longinotti<\/title>\n<meta name=\"robots\" content=\"noindex, follow\" \/>\n<meta property=\"og:locale\" content=\"de_DE\" \/>\n<meta property=\"og:type\" content=\"article\" \/>\n<meta property=\"og:title\" content=\"Datenschutzerkl\u00e4rung Daniela Longinotti\" \/>\n<meta property=\"og:description\" content=\"Datenschutzerkl\u00e4rung Ich bin freiberufliche \u00dcbersetzerin (Longinotti Daniela). Die folgende Datenschutzerkl\u00e4rung gibt Auskunft dar\u00fcber, wie ich Ihrer pers\u00f6nlichen Daten verwende, die bei der Nutzung meiner Website erfasst werden. Inhalt Welche Daten werden erfasst? Wie werden Ihre Daten erfasst? Wie werden Ihre Daten verwendet? Wie werden Ihre Daten gespeichert? Marketing Welche Datenschutzrechte haben Sie? Was sind Cookies? [&hellip;]\" \/>\n<meta property=\"og:url\" content=\"https:\/\/danielalonginotti.com\/it\/informativa-sulla-privacy\/\" \/>\n<meta property=\"og:site_name\" content=\"Daniela Longinotti\" \/>\n<meta property=\"article:modified_time\" content=\"2021-11-26T15:38:02+00:00\" \/>\n<meta name=\"twitter:card\" content=\"summary_large_image\" \/>\n<meta name=\"twitter:label1\" content=\"Gesch\u00e4tzte Lesezeit\" \/>\n\t<meta name=\"twitter:data1\" content=\"6\u00a0Minuten\" \/>\n<script type=\"application\/ld+json\" class=\"yoast-schema-graph\">{\"@context\":\"https:\/\/schema.org\",\"@graph\":[{\"@type\":\"WebPage\",\"@id\":\"https:\/\/danielalonginotti.com\/it\/informativa-sulla-privacy\/\",\"url\":\"https:\/\/danielalonginotti.com\/it\/informativa-sulla-privacy\/\",\"name\":\"Datenschutzerkl\u00e4rung Daniela Longinotti\",\"isPartOf\":{\"@id\":\"https:\/\/danielalonginotti.com\/#website\"},\"datePublished\":\"2021-11-24T12:50:20+00:00\",\"dateModified\":\"2021-11-26T15:38:02+00:00\",\"breadcrumb\":{\"@id\":\"https:\/\/danielalonginotti.com\/it\/informativa-sulla-privacy\/#breadcrumb\"},\"inLanguage\":\"de\",\"potentialAction\":[{\"@type\":\"ReadAction\",\"target\":[\"https:\/\/danielalonginotti.com\/it\/informativa-sulla-privacy\/\"]}]},{\"@type\":\"BreadcrumbList\",\"@id\":\"https:\/\/danielalonginotti.com\/it\/informativa-sulla-privacy\/#breadcrumb\",\"itemListElement\":[{\"@type\":\"ListItem\",\"position\":1,\"name\":\"Home\",\"item\":\"https:\/\/danielalonginotti.com\/\"},{\"@type\":\"ListItem\",\"position\":2,\"name\":\"Datenschutzerkl\u00e4rung\"}]},{\"@type\":\"WebSite\",\"@id\":\"https:\/\/danielalonginotti.com\/#website\",\"url\":\"https:\/\/danielalonginotti.com\/\",\"name\":\"Daniela Longinotti\",\"description\":\"Certified and qualified translator\",\"publisher\":{\"@id\":\"https:\/\/danielalonginotti.com\/#organization\"},\"potentialAction\":[{\"@type\":\"SearchAction\",\"target\":{\"@type\":\"EntryPoint\",\"urlTemplate\":\"https:\/\/danielalonginotti.com\/?s={search_term_string}\"},\"query-input\":{\"@type\":\"PropertyValueSpecification\",\"valueRequired\":true,\"valueName\":\"search_term_string\"}}],\"inLanguage\":\"de\"},{\"@type\":\"Organization\",\"@id\":\"https:\/\/danielalonginotti.com\/#organization\",\"name\":\"Daniela Longinotti\",\"url\":\"https:\/\/danielalonginotti.com\/\",\"logo\":{\"@type\":\"ImageObject\",\"inLanguage\":\"de\",\"@id\":\"https:\/\/danielalonginotti.com\/#\/schema\/logo\/image\/\",\"url\":\"https:\/\/danielalonginotti.com\/wp-content\/uploads\/2021\/07\/dl-logo.png\",\"contentUrl\":\"https:\/\/danielalonginotti.com\/wp-content\/uploads\/2021\/07\/dl-logo.png\",\"width\":400,\"height\":161,\"caption\":\"Daniela Longinotti\"},\"image\":{\"@id\":\"https:\/\/danielalonginotti.com\/#\/schema\/logo\/image\/\"}}]}<\/script>\n<!-- \/ Yoast SEO plugin. -->","yoast_head_json":{"title":"Datenschutzerkl\u00e4rung Daniela Longinotti","robots":{"index":"noindex","follow":"follow"},"og_locale":"de_DE","og_type":"article","og_title":"Datenschutzerkl\u00e4rung Daniela Longinotti","og_description":"Datenschutzerkl\u00e4rung Ich bin freiberufliche \u00dcbersetzerin (Longinotti Daniela). Die folgende Datenschutzerkl\u00e4rung gibt Auskunft dar\u00fcber, wie ich Ihrer pers\u00f6nlichen Daten verwende, die bei der Nutzung meiner Website erfasst werden. Inhalt Welche Daten werden erfasst? Wie werden Ihre Daten erfasst? Wie werden Ihre Daten verwendet? Wie werden Ihre Daten gespeichert? Marketing Welche Datenschutzrechte haben Sie? Was sind Cookies? [&hellip;]","og_url":"https:\/\/danielalonginotti.com\/it\/informativa-sulla-privacy\/","og_site_name":"Daniela Longinotti","article_modified_time":"2021-11-26T15:38:02+00:00","twitter_card":"summary_large_image","twitter_misc":{"Gesch\u00e4tzte Lesezeit":"6\u00a0Minuten"},"schema":{"@context":"https:\/\/schema.org","@graph":[{"@type":"WebPage","@id":"https:\/\/danielalonginotti.com\/it\/informativa-sulla-privacy\/","url":"https:\/\/danielalonginotti.com\/it\/informativa-sulla-privacy\/","name":"Datenschutzerkl\u00e4rung Daniela Longinotti","isPartOf":{"@id":"https:\/\/danielalonginotti.com\/#website"},"datePublished":"2021-11-24T12:50:20+00:00","dateModified":"2021-11-26T15:38:02+00:00","breadcrumb":{"@id":"https:\/\/danielalonginotti.com\/it\/informativa-sulla-privacy\/#breadcrumb"},"inLanguage":"de","potentialAction":[{"@type":"ReadAction","target":["https:\/\/danielalonginotti.com\/it\/informativa-sulla-privacy\/"]}]},{"@type":"BreadcrumbList","@id":"https:\/\/danielalonginotti.com\/it\/informativa-sulla-privacy\/#breadcrumb","itemListElement":[{"@type":"ListItem","position":1,"name":"Home","item":"https:\/\/danielalonginotti.com\/"},{"@type":"ListItem","position":2,"name":"Datenschutzerkl\u00e4rung"}]},{"@type":"WebSite","@id":"https:\/\/danielalonginotti.com\/#website","url":"https:\/\/danielalonginotti.com\/","name":"Daniela Longinotti","description":"Certified and qualified translator","publisher":{"@id":"https:\/\/danielalonginotti.com\/#organization"},"potentialAction":[{"@type":"SearchAction","target":{"@type":"EntryPoint","urlTemplate":"https:\/\/danielalonginotti.com\/?s={search_term_string}"},"query-input":{"@type":"PropertyValueSpecification","valueRequired":true,"valueName":"search_term_string"}}],"inLanguage":"de"},{"@type":"Organization","@id":"https:\/\/danielalonginotti.com\/#organization","name":"Daniela Longinotti","url":"https:\/\/danielalonginotti.com\/","logo":{"@type":"ImageObject","inLanguage":"de","@id":"https:\/\/danielalonginotti.com\/#\/schema\/logo\/image\/","url":"https:\/\/danielalonginotti.com\/wp-content\/uploads\/2021\/07\/dl-logo.png","contentUrl":"https:\/\/danielalonginotti.com\/wp-content\/uploads\/2021\/07\/dl-logo.png","width":400,"height":161,"caption":"Daniela Longinotti"},"image":{"@id":"https:\/\/danielalonginotti.com\/#\/schema\/logo\/image\/"}}]}},"_links":{"self":[{"href":"https:\/\/danielalonginotti.com\/de\/wp-json\/wp\/v2\/pages\/17293","targetHints":{"allow":["GET"]}}],"collection":[{"href":"https:\/\/danielalonginotti.com\/de\/wp-json\/wp\/v2\/pages"}],"about":[{"href":"https:\/\/danielalonginotti.com\/de\/wp-json\/wp\/v2\/types\/page"}],"author":[{"embeddable":true,"href":"https:\/\/danielalonginotti.com\/de\/wp-json\/wp\/v2\/users\/1"}],"replies":[{"embeddable":true,"href":"https:\/\/danielalonginotti.com\/de\/wp-json\/wp\/v2\/comments?post=17293"}],"version-history":[{"count":9,"href":"https:\/\/danielalonginotti.com\/de\/wp-json\/wp\/v2\/pages\/17293\/revisions"}],"predecessor-version":[{"id":17326,"href":"https:\/\/danielalonginotti.com\/de\/wp-json\/wp\/v2\/pages\/17293\/revisions\/17326"}],"wp:attachment":[{"href":"https:\/\/danielalonginotti.com\/de\/wp-json\/wp\/v2\/media?parent=17293"}],"curies":[{"name":"wp","href":"https:\/\/api.w.org\/{rel}","templated":true}]}}