{"id":16897,"date":"2021-06-16T14:22:51","date_gmt":"2021-06-16T14:22:51","guid":{"rendered":"https:\/\/danielalonginotti.com\/blog\/"},"modified":"2021-11-26T15:40:33","modified_gmt":"2021-11-26T15:40:33","slug":"blog","status":"publish","type":"page","link":"https:\/\/danielalonginotti.com\/de\/blog\/","title":{"rendered":"Blog"},"content":{"rendered":"\t\t<div data-elementor-type=\"wp-page\" data-elementor-id=\"16897\" class=\"elementor elementor-16897 elementor-16147\" data-elementor-post-type=\"page\">\n\t\t\t\t\t\t<div class=\"elementor-section elementor-top-section elementor-element elementor-element-a6c86c7 elementor-section-height-min-height elementor-section-stretched elementor-section-boxed elementor-section-height-default elementor-section-items-middle\" data-id=\"a6c86c7\" data-element_type=\"section\" data-e-type=\"section\" data-settings=\"{&quot;stretch_section&quot;:&quot;section-stretched&quot;,&quot;background_background&quot;:&quot;classic&quot;}\">\n\t\t\t\t\t\t\t<div class=\"elementor-background-overlay\"><\/div>\n\t\t\t\t\t\t\t<div class=\"elementor-container elementor-column-gap-no\">\n\t\t\t\t\t<div class=\"elementor-column elementor-col-100 elementor-top-column elementor-element elementor-element-1069d82\" data-id=\"1069d82\" data-element_type=\"column\" data-e-type=\"column\">\n\t\t\t<div class=\"elementor-widget-wrap elementor-element-populated\">\n\t\t\t\t\t\t<div class=\"elementor-element elementor-element-7e1faea elementor-widget elementor-widget-heading\" data-id=\"7e1faea\" data-element_type=\"widget\" data-e-type=\"widget\" data-widget_type=\"heading.default\">\n\t\t\t\t<div class=\"elementor-widget-container\">\n\t\t\t\t\t<h1 class=\"elementor-heading-title elementor-size-default\">Sie m\u00f6chten mehr \u00fcber \n<BR>das \u00dcbersetzen erfahren?<\/h1>\t\t\t\t<\/div>\n\t\t\t\t<\/div>\n\t\t\t\t<div class=\"elementor-element elementor-element-b6b8841 elementor-widget elementor-widget-text-editor\" data-id=\"b6b8841\" data-element_type=\"widget\" data-e-type=\"widget\" data-widget_type=\"text-editor.default\">\n\t\t\t\t<div class=\"elementor-widget-container\">\n\t\t\t\t\t\t\t\t\t<div>In meinem Blog finden Sie Wissenswertes \u00fcber die \u00dcbersetzungsbranche und meine Spezialgebiete.<br \/>Schreiben Sie mir gerne, wenn Sie Fragen oder Anregungen oder eine Idee f\u00fcr einen neuen Beitrag haben.<\/div>\t\t\t\t\t\t\t\t<\/div>\n\t\t\t\t<\/div>\n\t\t\t\t<div class=\"elementor-element elementor-element-0a076e8 elementor-align-center elementor-widget elementor-widget-button\" data-id=\"0a076e8\" data-element_type=\"widget\" data-e-type=\"widget\" data-widget_type=\"button.default\">\n\t\t\t\t<div class=\"elementor-widget-container\">\n\t\t\t\t\t\t\t\t\t<div class=\"elementor-button-wrapper\">\n\t\t\t\t\t<a class=\"elementor-button elementor-button-link elementor-size-sm\" href=\"https:\/\/danielalonginotti.com\/de\/kontakt\/\">\n\t\t\t\t\t\t<span class=\"elementor-button-content-wrapper\">\n\t\t\t\t\t\t\t\t\t<span class=\"elementor-button-text\">Kontaktieren Sie mich<\/span>\n\t\t\t\t\t<\/span>\n\t\t\t\t\t<\/a>\n\t\t\t\t<\/div>\n\t\t\t\t\t\t\t\t<\/div>\n\t\t\t\t<\/div>\n\t\t\t\t\t<\/div>\n\t\t<\/div>\n\t\t\t\t\t<\/div>\n\t\t<\/div>\n\t\t\t\t<section class=\"elementor-section elementor-top-section elementor-element elementor-element-435a077 elementor-section-boxed elementor-section-height-default elementor-section-height-default\" data-id=\"435a077\" data-element_type=\"section\" data-e-type=\"section\">\n\t\t\t\t\t\t<div class=\"elementor-container elementor-column-gap-wider\">\n\t\t\t\t\t<div class=\"elementor-column elementor-col-50 elementor-top-column elementor-element elementor-element-eae163d\" data-id=\"eae163d\" data-element_type=\"column\" data-e-type=\"column\">\n\t\t\t<div class=\"elementor-widget-wrap elementor-element-populated\">\n\t\t\t\t\t\t<div class=\"elementor-element elementor-element-3405934 arrow-style-1 elementor-widget elementor-widget-smartic-post-grid\" data-id=\"3405934\" data-element_type=\"widget\" data-e-type=\"widget\" data-widget_type=\"smartic-post-grid.default\">\n\t\t\t\t<div class=\"elementor-widget-container\">\n\t\t\t\t\t        <div class=\"elementor-post-wrapper post-style-1\">\n            <div class=\"row\" data-elementor-columns=\"1\" data-elementor-columns-tablet=\"1\" data-elementor-columns-mobile=\"1\">\n\n                <div class=\"column-item\">\n\t<div class=\"post-inner\">\n\n\t\t\t\t\t<div class=\"post-thumbnail no-image\">\n\t\t\t\t\t\t\t\t<span class=\"categories-link\"><span class=\"screen-reader-text\">Categories<\/span><a href=\"https:\/\/danielalonginotti.com\/de\/category\/uebersetzung\/\" rel=\"category tag\">\u00dcbersetzung<\/a><\/span>\t\t<\/div>\n\n\n\t\t<div class=\"content-wrap\">\n\t\t\t<div class=\"entry-header\">\n\t\t\t\t<div class=\"entry-meta\">\n\t\t\t\t\t<span class=\"posted-on\"><a href=\"https:\/\/danielalonginotti.com\/de\/uebersetzung-und-die-grenzen-eines-fachgebiets\/\" rel=\"bookmark\"><time class=\"entry-date published\" datetime=\"2021-11-23T09:44:30+00:00\">November 23, 2021<\/time><time class=\"updated\" datetime=\"2021-11-26T15:48:13+00:00\">November 26, 2021<\/time><\/a><\/span> <span class=\"post-author\"><span>By <a href=\"https:\/\/danielalonginotti.com\/de\/author\/admin-dl\/\" rel=\"author\">Daniela Longinotti<\/a><\/span><\/span>\t\t\t\t<\/div>\n\t\t\t\t<h2 class=\"alpha entry-title\"><a href=\"https:\/\/danielalonginotti.com\/de\/uebersetzung-und-die-grenzen-eines-fachgebiets\/\" rel=\"bookmark\">\u00dcbersetzung und die Grenzen eines Fachgebiets<\/a><\/h2>\t\t\t<\/div>\n\n\t\t\t<div class=\"entry-content\">\n\t\t\t\t<p>In diesem dritten Beitrag m\u00f6chte ich einige kurze \u00dcberlegungen zu den Grenzen einer Spezialisierung im Bereich der \u00dcbersetzung anstellen. Vielleicht&hellip;<\/p>\n\t\t\t\t<a class=\"more-link\" href=\"https:\/\/danielalonginotti.com\/de\/uebersetzung-und-die-grenzen-eines-fachgebiets\/\">Read More<span>+<\/span><\/a>\n\t\t\t<\/div>\n\t\t<\/div>\n\t<\/div>\n<\/div>\n<div class=\"column-item\">\n\t<div class=\"post-inner\">\n\n\t\t\t\t\t<div class=\"post-thumbnail no-image\">\n\t\t\t\t\t\t\t\t<span class=\"categories-link\"><span class=\"screen-reader-text\">Categories<\/span><a href=\"https:\/\/danielalonginotti.com\/de\/category\/uebersetzung\/\" rel=\"category tag\">\u00dcbersetzung<\/a><\/span>\t\t<\/div>\n\n\n\t\t<div class=\"content-wrap\">\n\t\t\t<div class=\"entry-header\">\n\t\t\t\t<div class=\"entry-meta\">\n\t\t\t\t\t<span class=\"posted-on\"><a href=\"https:\/\/danielalonginotti.com\/de\/finanzuebersetzung-nicht-nur-zahlen\/\" rel=\"bookmark\"><time class=\"entry-date published\" datetime=\"2021-11-10T09:42:54+00:00\">November 10, 2021<\/time><time class=\"updated\" datetime=\"2021-11-26T15:48:07+00:00\">November 26, 2021<\/time><\/a><\/span> <span class=\"post-author\"><span>By <a href=\"https:\/\/danielalonginotti.com\/de\/author\/admin-dl\/\" rel=\"author\">Daniela Longinotti<\/a><\/span><\/span>\t\t\t\t<\/div>\n\t\t\t\t<h2 class=\"alpha entry-title\"><a href=\"https:\/\/danielalonginotti.com\/de\/finanzuebersetzung-nicht-nur-zahlen\/\" rel=\"bookmark\">Finanz\u00fcbersetzung: Nicht nur Zahlen<\/a><\/h2>\t\t\t<\/div>\n\n\t\t\t<div class=\"entry-content\">\n\t\t\t\t<p>Bei der Finanz\u00fcbersetzung geht es nicht nur um Zahlen. In diesem zweiten Beitrag m\u00f6chte ich einige kurze \u00dcberlegungen anstellen, die&hellip;<\/p>\n\t\t\t\t<a class=\"more-link\" href=\"https:\/\/danielalonginotti.com\/de\/finanzuebersetzung-nicht-nur-zahlen\/\">Read More<span>+<\/span><\/a>\n\t\t\t<\/div>\n\t\t<\/div>\n\t<\/div>\n<\/div>\n<div class=\"column-item\">\n\t<div class=\"post-inner\">\n\n\t\t\t\t\t<div class=\"post-thumbnail no-image\">\n\t\t\t\t\t\t\t\t<span class=\"categories-link\"><span class=\"screen-reader-text\">Categories<\/span><a href=\"https:\/\/danielalonginotti.com\/it\/category\/traduzione\/\" rel=\"category tag\">Traduzione<\/a><\/span>\t\t<\/div>\n\n\n\t\t<div class=\"content-wrap\">\n\t\t\t<div class=\"entry-header\">\n\t\t\t\t<div class=\"entry-meta\">\n\t\t\t\t\t<span class=\"posted-on\"><a href=\"https:\/\/danielalonginotti.com\/de\/juristische-uebersetzung-und-vergleich\/\" rel=\"bookmark\"><time class=\"entry-date published\" datetime=\"2021-11-04T09:35:40+00:00\">November 4, 2021<\/time><time class=\"updated\" datetime=\"2021-11-04T09:39:20+00:00\">November 4, 2021<\/time><\/a><\/span> <span class=\"post-author\"><span>By <a href=\"https:\/\/danielalonginotti.com\/de\/author\/admin-dl\/\" rel=\"author\">Daniela Longinotti<\/a><\/span><\/span>\t\t\t\t<\/div>\n\t\t\t\t<h2 class=\"alpha entry-title\"><a href=\"https:\/\/danielalonginotti.com\/de\/juristische-uebersetzung-und-vergleich\/\" rel=\"bookmark\">Juristische \u00dcbersetzung und Vergleich<\/a><\/h2>\t\t\t<\/div>\n\n\t\t\t<div class=\"entry-content\">\n\t\t\t\t<p>Ich beginne meinen Blog mit einer kurzen Reflexion \u00fcber Rechts\u00fcbersetzung und Rechtsvergleichung. Ist es &#8222;gewagt&#8220; zu sagen, dass die juristische&hellip;<\/p>\n\t\t\t\t<a class=\"more-link\" href=\"https:\/\/danielalonginotti.com\/de\/juristische-uebersetzung-und-vergleich\/\">Read More<span>+<\/span><\/a>\n\t\t\t<\/div>\n\t\t<\/div>\n\t<\/div>\n<\/div>\n            <\/div>\n\n                            <div class=\"pagination\">\n                                    <\/div>\n                    <\/div>\n        \t\t\t\t<\/div>\n\t\t\t\t<\/div>\n\t\t\t\t\t<\/div>\n\t\t<\/div>\n\t\t\t\t<div class=\"elementor-column elementor-col-50 elementor-top-column elementor-element elementor-element-2d1e906\" data-id=\"2d1e906\" data-element_type=\"column\" data-e-type=\"column\">\n\t\t\t<div class=\"elementor-widget-wrap elementor-element-populated\">\n\t\t\t\t\t\t<div class=\"elementor-element elementor-element-edcb904 elementor-widget elementor-widget-sidebar\" data-id=\"edcb904\" data-element_type=\"widget\" data-e-type=\"widget\" data-widget_type=\"sidebar.default\">\n\t\t\t\t<div class=\"elementor-widget-container\">\n\t\t\t\t\t<div id=\"block-2\" class=\"widget widget_block\"><p><script>(function() {\n\twindow.mc4wp = window.mc4wp || {\n\t\tlisteners: [],\n\t\tforms: {\n\t\t\ton: function(evt, cb) {\n\t\t\t\twindow.mc4wp.listeners.push(\n\t\t\t\t\t{\n\t\t\t\t\t\tevent   : evt,\n\t\t\t\t\t\tcallback: cb\n\t\t\t\t\t}\n\t\t\t\t);\n\t\t\t}\n\t\t}\n\t}\n})();\n<\/script><!-- Mailchimp for WordPress v4.12.0 - https:\/\/wordpress.org\/plugins\/mailchimp-for-wp\/ --><form id=\"mc4wp-form-1\" class=\"mc4wp-form mc4wp-form-16975\" method=\"post\" data-id=\"16975\" data-name=\"\" ><div class=\"mc4wp-form-fields\"><p>\n\t<label>E-Mail-Adresse \n\t\t<input type=\"email\" name=\"EMAIL\" placeholder=\"E-Mail-Adresse\" required=\"\">\n<\/label>\n<\/p>\n\n<p>\n\t<input type=\"submit\" value=\"Abonnieren\">\n<\/p><\/div><label style=\"display: none !important;\">Wenn du ein Mensch bist, lasse das Feld leer: <input type=\"text\" name=\"_mc4wp_honeypot\" value=\"\" tabindex=\"-1\" autocomplete=\"off\" \/><\/label><input type=\"hidden\" name=\"_mc4wp_timestamp\" value=\"1775522704\" \/><input type=\"hidden\" name=\"_mc4wp_form_id\" value=\"16975\" \/><input type=\"hidden\" name=\"_mc4wp_form_element_id\" value=\"mc4wp-form-1\" \/><div class=\"mc4wp-response\"><\/div><\/form><!-- \/ Mailchimp for WordPress Plugin --><\/p>\n<\/div>\t\t\t\t<\/div>\n\t\t\t\t<\/div>\n\t\t\t\t\t<\/div>\n\t\t<\/div>\n\t\t\t\t\t<\/div>\n\t\t<\/section>\n\t\t\t\t<\/div>\n\t\t","protected":false},"excerpt":{"rendered":"<p>Sie m\u00f6chten mehr \u00fcber das \u00dcbersetzen erfahren? In meinem Blog finden Sie Wissenswertes \u00fcber die \u00dcbersetzungsbranche und meine Spezialgebiete. Schreiben Sie mir gerne, wenn Sie Fragen oder Anregungen oder eine Idee f\u00fcr einen neuen Beitrag haben. Kontaktieren Sie mich<\/p>\n","protected":false},"author":1,"featured_media":0,"parent":0,"menu_order":0,"comment_status":"closed","ping_status":"closed","template":"template-homepage.php","meta":{"footnotes":""},"class_list":["post-16897","page","type-page","status-publish","hentry"],"yoast_head":"<!-- This site is optimized with the Yoast SEO plugin v27.1.1 - https:\/\/yoast.com\/product\/yoast-seo-wordpress\/ -->\n<title>\u00dcbersetzen f\u00fcr Recht &amp; Finanzen | Schweiz und Italien<\/title>\n<meta name=\"description\" content=\"Wissenswertes zum \u00dcbersetzen f\u00fcr Recht, Finanz, Versicherungen &amp; Marketing auf Italienisch &amp; Schweizer Italienisch. Erfahren Sie mehr in meinem Blog!\" \/>\n<meta name=\"robots\" content=\"index, follow, max-snippet:-1, max-image-preview:large, max-video-preview:-1\" \/>\n<link rel=\"canonical\" href=\"https:\/\/danielalonginotti.com\/de\/blog\/\" \/>\n<meta property=\"og:locale\" content=\"de_DE\" \/>\n<meta property=\"og:type\" content=\"article\" \/>\n<meta property=\"og:title\" content=\"\u00dcbersetzen f\u00fcr Recht &amp; Finanzen | Schweiz und Italien\" \/>\n<meta property=\"og:description\" content=\"Wissenswertes zum \u00dcbersetzen f\u00fcr Recht, Finanz, Versicherungen &amp; Marketing auf Italienisch &amp; Schweizer Italienisch. Erfahren Sie mehr in meinem Blog!\" \/>\n<meta property=\"og:url\" content=\"https:\/\/danielalonginotti.com\/de\/blog\/\" \/>\n<meta property=\"og:site_name\" content=\"Daniela Longinotti\" \/>\n<meta property=\"article:modified_time\" content=\"2021-11-26T15:40:33+00:00\" \/>\n<meta name=\"twitter:card\" content=\"summary_large_image\" \/>\n<meta name=\"twitter:label1\" content=\"Gesch\u00e4tzte Lesezeit\" \/>\n\t<meta name=\"twitter:data1\" content=\"1\u00a0Minute\" \/>\n<script type=\"application\/ld+json\" class=\"yoast-schema-graph\">{\"@context\":\"https:\/\/schema.org\",\"@graph\":[{\"@type\":\"WebPage\",\"@id\":\"https:\/\/danielalonginotti.com\/de\/blog\/\",\"url\":\"https:\/\/danielalonginotti.com\/de\/blog\/\",\"name\":\"\u00dcbersetzen f\u00fcr Recht & Finanzen | Schweiz und Italien\",\"isPartOf\":{\"@id\":\"https:\/\/danielalonginotti.com\/#website\"},\"datePublished\":\"2021-06-16T14:22:51+00:00\",\"dateModified\":\"2021-11-26T15:40:33+00:00\",\"description\":\"Wissenswertes zum \u00dcbersetzen f\u00fcr Recht, Finanz, Versicherungen & Marketing auf Italienisch & Schweizer Italienisch. Erfahren Sie mehr in meinem Blog!\",\"breadcrumb\":{\"@id\":\"https:\/\/danielalonginotti.com\/de\/blog\/#breadcrumb\"},\"inLanguage\":\"de\",\"potentialAction\":[{\"@type\":\"ReadAction\",\"target\":[\"https:\/\/danielalonginotti.com\/de\/blog\/\"]}]},{\"@type\":\"BreadcrumbList\",\"@id\":\"https:\/\/danielalonginotti.com\/de\/blog\/#breadcrumb\",\"itemListElement\":[{\"@type\":\"ListItem\",\"position\":1,\"name\":\"Home\",\"item\":\"https:\/\/danielalonginotti.com\/\"},{\"@type\":\"ListItem\",\"position\":2,\"name\":\"Blog\"}]},{\"@type\":\"WebSite\",\"@id\":\"https:\/\/danielalonginotti.com\/#website\",\"url\":\"https:\/\/danielalonginotti.com\/\",\"name\":\"Daniela Longinotti\",\"description\":\"Certified and qualified translator\",\"publisher\":{\"@id\":\"https:\/\/danielalonginotti.com\/#organization\"},\"potentialAction\":[{\"@type\":\"SearchAction\",\"target\":{\"@type\":\"EntryPoint\",\"urlTemplate\":\"https:\/\/danielalonginotti.com\/?s={search_term_string}\"},\"query-input\":{\"@type\":\"PropertyValueSpecification\",\"valueRequired\":true,\"valueName\":\"search_term_string\"}}],\"inLanguage\":\"de\"},{\"@type\":\"Organization\",\"@id\":\"https:\/\/danielalonginotti.com\/#organization\",\"name\":\"Daniela Longinotti\",\"url\":\"https:\/\/danielalonginotti.com\/\",\"logo\":{\"@type\":\"ImageObject\",\"inLanguage\":\"de\",\"@id\":\"https:\/\/danielalonginotti.com\/#\/schema\/logo\/image\/\",\"url\":\"https:\/\/danielalonginotti.com\/wp-content\/uploads\/2021\/07\/dl-logo.png\",\"contentUrl\":\"https:\/\/danielalonginotti.com\/wp-content\/uploads\/2021\/07\/dl-logo.png\",\"width\":400,\"height\":161,\"caption\":\"Daniela Longinotti\"},\"image\":{\"@id\":\"https:\/\/danielalonginotti.com\/#\/schema\/logo\/image\/\"}}]}<\/script>\n<!-- \/ Yoast SEO plugin. -->","yoast_head_json":{"title":"\u00dcbersetzen f\u00fcr Recht & Finanzen | Schweiz und Italien","description":"Wissenswertes zum \u00dcbersetzen f\u00fcr Recht, Finanz, Versicherungen & Marketing auf Italienisch & Schweizer Italienisch. Erfahren Sie mehr in meinem Blog!","robots":{"index":"index","follow":"follow","max-snippet":"max-snippet:-1","max-image-preview":"max-image-preview:large","max-video-preview":"max-video-preview:-1"},"canonical":"https:\/\/danielalonginotti.com\/de\/blog\/","og_locale":"de_DE","og_type":"article","og_title":"\u00dcbersetzen f\u00fcr Recht & Finanzen | Schweiz und Italien","og_description":"Wissenswertes zum \u00dcbersetzen f\u00fcr Recht, Finanz, Versicherungen & Marketing auf Italienisch & Schweizer Italienisch. Erfahren Sie mehr in meinem Blog!","og_url":"https:\/\/danielalonginotti.com\/de\/blog\/","og_site_name":"Daniela Longinotti","article_modified_time":"2021-11-26T15:40:33+00:00","twitter_card":"summary_large_image","twitter_misc":{"Gesch\u00e4tzte Lesezeit":"1\u00a0Minute"},"schema":{"@context":"https:\/\/schema.org","@graph":[{"@type":"WebPage","@id":"https:\/\/danielalonginotti.com\/de\/blog\/","url":"https:\/\/danielalonginotti.com\/de\/blog\/","name":"\u00dcbersetzen f\u00fcr Recht & Finanzen | Schweiz und Italien","isPartOf":{"@id":"https:\/\/danielalonginotti.com\/#website"},"datePublished":"2021-06-16T14:22:51+00:00","dateModified":"2021-11-26T15:40:33+00:00","description":"Wissenswertes zum \u00dcbersetzen f\u00fcr Recht, Finanz, Versicherungen & Marketing auf Italienisch & Schweizer Italienisch. Erfahren Sie mehr in meinem Blog!","breadcrumb":{"@id":"https:\/\/danielalonginotti.com\/de\/blog\/#breadcrumb"},"inLanguage":"de","potentialAction":[{"@type":"ReadAction","target":["https:\/\/danielalonginotti.com\/de\/blog\/"]}]},{"@type":"BreadcrumbList","@id":"https:\/\/danielalonginotti.com\/de\/blog\/#breadcrumb","itemListElement":[{"@type":"ListItem","position":1,"name":"Home","item":"https:\/\/danielalonginotti.com\/"},{"@type":"ListItem","position":2,"name":"Blog"}]},{"@type":"WebSite","@id":"https:\/\/danielalonginotti.com\/#website","url":"https:\/\/danielalonginotti.com\/","name":"Daniela Longinotti","description":"Certified and qualified translator","publisher":{"@id":"https:\/\/danielalonginotti.com\/#organization"},"potentialAction":[{"@type":"SearchAction","target":{"@type":"EntryPoint","urlTemplate":"https:\/\/danielalonginotti.com\/?s={search_term_string}"},"query-input":{"@type":"PropertyValueSpecification","valueRequired":true,"valueName":"search_term_string"}}],"inLanguage":"de"},{"@type":"Organization","@id":"https:\/\/danielalonginotti.com\/#organization","name":"Daniela Longinotti","url":"https:\/\/danielalonginotti.com\/","logo":{"@type":"ImageObject","inLanguage":"de","@id":"https:\/\/danielalonginotti.com\/#\/schema\/logo\/image\/","url":"https:\/\/danielalonginotti.com\/wp-content\/uploads\/2021\/07\/dl-logo.png","contentUrl":"https:\/\/danielalonginotti.com\/wp-content\/uploads\/2021\/07\/dl-logo.png","width":400,"height":161,"caption":"Daniela Longinotti"},"image":{"@id":"https:\/\/danielalonginotti.com\/#\/schema\/logo\/image\/"}}]}},"_links":{"self":[{"href":"https:\/\/danielalonginotti.com\/de\/wp-json\/wp\/v2\/pages\/16897","targetHints":{"allow":["GET"]}}],"collection":[{"href":"https:\/\/danielalonginotti.com\/de\/wp-json\/wp\/v2\/pages"}],"about":[{"href":"https:\/\/danielalonginotti.com\/de\/wp-json\/wp\/v2\/types\/page"}],"author":[{"embeddable":true,"href":"https:\/\/danielalonginotti.com\/de\/wp-json\/wp\/v2\/users\/1"}],"replies":[{"embeddable":true,"href":"https:\/\/danielalonginotti.com\/de\/wp-json\/wp\/v2\/comments?post=16897"}],"version-history":[{"count":7,"href":"https:\/\/danielalonginotti.com\/de\/wp-json\/wp\/v2\/pages\/16897\/revisions"}],"predecessor-version":[{"id":17334,"href":"https:\/\/danielalonginotti.com\/de\/wp-json\/wp\/v2\/pages\/16897\/revisions\/17334"}],"wp:attachment":[{"href":"https:\/\/danielalonginotti.com\/de\/wp-json\/wp\/v2\/media?parent=16897"}],"curies":[{"name":"wp","href":"https:\/\/api.w.org\/{rel}","templated":true}]}}